{"id":32865,"date":"2026-04-11T00:57:40","date_gmt":"2026-04-11T00:57:40","guid":{"rendered":"https:\/\/rustbeltcomics.com\/store\/index.php\/product\/detective-comics-458-1976\/"},"modified":"2026-04-11T12:05:27","modified_gmt":"2026-04-11T12:05:27","slug":"detective-comics-458-1976","status":"publish","type":"product","link":"https:\/\/rustbeltcomics.com\/store\/index.php\/product\/detective-comics-458-1976\/","title":{"rendered":"Detective Comics #458 (1976)"},"content":{"rendered":"<div style=\"font-family: 'Segoe UI', Helvetica, Arial, sans-serif;max-width: 800px;margin: 0 auto;border: 1px solid #e0e0e0;background-color: #ffffff\">\n<div style=\"background-color: #b7410e;padding: 20px;border-radius: 4px 4px 0 0;flex-wrap: wrap;align-items: center;gap: 15px\">\n            <img decoding=\"async\" src=\"https:\/\/rustbeltcomics.com\/store\/wp-content\/uploads\/2023\/05\/cropped-RBClogo2.png\" alt=\"Rust Belt Comics\" style=\"height: 50px;width: auto;flex-shrink: 0\"><\/p>\n<div style=\"flex-grow: 1;min-width: 250px\">\n<h1 style=\"color: #ffffff;margin: 0;font-size: 22px;line-height: 1.2\">Detective Comics #458 (1976)<\/h1>\n<p style=\"color: #ffccbc;margin: 5px 0 0 0;font-size: 14px\">DC<\/p>\n<\/p><\/div>\n<div style=\"background-color: #fdd835;color: #333;padding: 8px 15px;border-radius: 4px;font-weight: bold;text-align: center;white-space: nowrap\">\n<div style=\"font-size: 10px;text-transform: uppercase;letter-spacing: 1px\">Grade<\/div>\n<div style=\"font-size: 18px;line-height: 1\">6.0<\/div>\n<div style=\"font-size: 10px\">Fine<\/div>\n<\/p><\/div>\n<\/p><\/div>\n<div style=\"padding: 20px\">\n<h2 style=\"color: #b7410e;border-bottom: 2px solid #b7410e;font-size: 18px;padding-bottom: 5px;margin-top: 0\">Comic Specifications<\/h2>\n<div style=\"margin-bottom: 25px;font-size: 14px\">\n<div style=\"flex-wrap: wrap;border-bottom: 1px solid #eee;padding: 8px 0\">\n<div style=\"width: 30%;min-width: 140px;font-weight: bold;color: #555\">Series Title<\/div>\n<div style=\"flex-grow: 1;width: 60%;min-width: 200px\">Detective Comics<\/div>\n<\/p><\/div>\n<div style=\"flex-wrap: wrap;border-bottom: 1px solid #eee;padding: 8px 0\">\n<div style=\"width: 30%;min-width: 140px;font-weight: bold;color: #555\">Issue Number<\/div>\n<div style=\"flex-grow: 1;width: 60%;min-width: 200px\">#458<\/div>\n<\/p><\/div>\n<div style=\"flex-wrap: wrap;border-bottom: 1px solid #eee;padding: 8px 0\">\n<div style=\"width: 30%;min-width: 140px;font-weight: bold;color: #555\">Publication Year<\/div>\n<div style=\"flex-grow: 1;width: 60%;min-width: 200px\">1976 (undefined)<\/div>\n<\/p><\/div>\n<div style=\"flex-wrap: wrap;border-bottom: 1px solid #eee;padding: 8px 0\">\n<div style=\"width: 30%;min-width: 140px;font-weight: bold;color: #555\">Publisher<\/div>\n<div style=\"flex-grow: 1;width: 60%;min-width: 200px\">DC<\/div>\n<\/p><\/div>\n<div style=\"flex-wrap: wrap;border-bottom: 1px solid #eee;padding: 8px 0\">\n<div style=\"width: 30%;min-width: 140px;font-weight: bold;color: #555\">Creatives<\/div>\n<div style=\"flex-grow: 1;width: 60%;min-width: 200px\">Writer: Martin Pasko; Elliot S. Maggin <br \/> Penciller: Jos\u00e9 Luis Garc\u00eda-L\u00f3pez; Pablo Marcos <br \/> Artist:  <br \/> Cover: undefined<\/div>\n<\/p><\/div>\n<div style=\"flex-wrap: wrap;border-bottom: 1px solid #eee;padding: 8px 0\">\n<div style=\"width: 30%;min-width: 140px;font-weight: bold;color: #555\">Format<\/div>\n<div style=\"flex-grow: 1;width: 60%;min-width: 200px\">Comic<\/div>\n<\/p><\/div>\n<div style=\"flex-wrap: wrap;border-bottom: 1px solid #eee;padding: 8px 0\">\n<div style=\"width: 30%;min-width: 140px;font-weight: bold;color: #555\">Printing<\/div>\n<div style=\"flex-grow: 1;width: 60%;min-width: 200px\">1st<\/div>\n<\/p><\/div>\n<\/p><\/div>\n<h2 style=\"color: #b7410e;border-bottom: 2px solid #b7410e;font-size: 18px;padding-bottom: 5px\">The Story<\/h2>\n<p style=\"font-size: 15px;line-height: 1.6;color: #444\">No plot synopsis available.<\/p>\n<p style=\"margin-top: 40px;font-size: 12px;color: #888;text-align: center;border-top: 1px solid #eee;padding-top: 20px\">Listing generated by Rust Belt Comics Inventory System. Photos are of the actual item you will receive.<\/p>\n<\/p><\/div>\n<\/p><\/div>\n","protected":false},"excerpt":{"rendered":"<p>Grade: 6.0 Fine | Issue: #458<\/p>\n","protected":false},"featured_media":33130,"comment_status":"open","ping_status":"closed","template":"","meta":[],"pwb-brand":[],"product_brand":[],"product_cat":[1796],"product_tag":[7717,7706,24150,24062,25476,24138,23799,8902,25475,24211,25474],"class_list":{"0":"post-32865","1":"product","2":"type-product","3":"status-publish","4":"has-post-thumbnail","6":"product_cat-comics-graphic-novels","7":"product_tag-7717","8":"product_tag-6-0-fine","9":"product_tag-alfred-pennyworth","10":"product_tag-batman-bruce-wayne","11":"product_tag-britt-langstrom","12":"product_tag-commissioner-gordon-james-jim-gordon","13":"product_tag-dc","14":"product_tag-detective-comics","15":"product_tag-dr-thanatogenos","16":"product_tag-man-bat-kirk-langstrom","17":"product_tag-she-bat-francine-langstrom","19":"first","20":"instock","21":"sale","22":"taxable","23":"shipping-taxable","24":"purchasable","25":"product-type-simple"},"brands":[],"_links":{"self":[{"href":"https:\/\/rustbeltcomics.com\/store\/index.php\/wp-json\/wp\/v2\/product\/32865","targetHints":{"allow":["GET"]}}],"collection":[{"href":"https:\/\/rustbeltcomics.com\/store\/index.php\/wp-json\/wp\/v2\/product"}],"about":[{"href":"https:\/\/rustbeltcomics.com\/store\/index.php\/wp-json\/wp\/v2\/types\/product"}],"replies":[{"embeddable":true,"href":"https:\/\/rustbeltcomics.com\/store\/index.php\/wp-json\/wp\/v2\/comments?post=32865"}],"wp:featuredmedia":[{"embeddable":true,"href":"https:\/\/rustbeltcomics.com\/store\/index.php\/wp-json\/wp\/v2\/media\/33130"}],"wp:attachment":[{"href":"https:\/\/rustbeltcomics.com\/store\/index.php\/wp-json\/wp\/v2\/media?parent=32865"}],"wp:term":[{"taxonomy":"pwb-brand","embeddable":true,"href":"https:\/\/rustbeltcomics.com\/store\/index.php\/wp-json\/wp\/v2\/pwb-brand?post=32865"},{"taxonomy":"product_brand","embeddable":true,"href":"https:\/\/rustbeltcomics.com\/store\/index.php\/wp-json\/wp\/v2\/product_brand?post=32865"},{"taxonomy":"product_cat","embeddable":true,"href":"https:\/\/rustbeltcomics.com\/store\/index.php\/wp-json\/wp\/v2\/product_cat?post=32865"},{"taxonomy":"product_tag","embeddable":true,"href":"https:\/\/rustbeltcomics.com\/store\/index.php\/wp-json\/wp\/v2\/product_tag?post=32865"}],"curies":[{"name":"wp","href":"https:\/\/api.w.org\/{rel}","templated":true}]}}