{"id":33638,"date":"2026-04-29T11:08:05","date_gmt":"2026-04-29T11:08:05","guid":{"rendered":"https:\/\/rustbeltcomics.com\/store\/index.php\/product\/batman-314-1979\/"},"modified":"2026-04-29T11:08:05","modified_gmt":"2026-04-29T11:08:05","slug":"batman-314-1979","status":"publish","type":"product","link":"https:\/\/rustbeltcomics.com\/store\/index.php\/product\/batman-314-1979\/","title":{"rendered":"Batman #314 (1979)"},"content":{"rendered":"<div style=\"font-family: 'Segoe UI', Helvetica, Arial, sans-serif;max-width: 800px;margin: 0 auto;border: 1px solid #e0e0e0;background-color: #ffffff\">\n<div style=\"background-color: #b7410e;padding: 20px;border-radius: 4px 4px 0 0;flex-wrap: wrap;align-items: center;gap: 15px\">\n            <img decoding=\"async\" src=\"https:\/\/rustbeltcomics.com\/store\/wp-content\/uploads\/2023\/05\/cropped-RBClogo2.png\" alt=\"Rust Belt Comics\" style=\"height: 50px;width: auto;flex-shrink: 0\"><\/p>\n<div style=\"flex-grow: 1;min-width: 250px\">\n<h1 style=\"color: #ffffff;margin: 0;font-size: 22px;line-height: 1.2\">Batman #314 (1979)<\/h1>\n<p style=\"color: #ffccbc;margin: 5px 0 0 0;font-size: 14px\">DC<\/p>\n<\/p><\/div>\n<div style=\"background-color: #fdd835;color: #333;padding: 8px 15px;border-radius: 4px;font-weight: bold;text-align: center;white-space: nowrap\">\n<div style=\"font-size: 10px;text-transform: uppercase;letter-spacing: 1px\">Grade<\/div>\n<div style=\"font-size: 18px;line-height: 1\">7.5<\/div>\n<div style=\"font-size: 10px\">Very Fine &#8211;<\/div>\n<\/p><\/div>\n<\/p><\/div>\n<div style=\"padding: 20px\">\n<h2 style=\"color: #b7410e;border-bottom: 2px solid #b7410e;font-size: 18px;padding-bottom: 5px;margin-top: 0\">Comic Specifications<\/h2>\n<div style=\"margin-bottom: 25px;font-size: 14px\">\n<div style=\"flex-wrap: wrap;border-bottom: 1px solid #eee;padding: 8px 0\">\n<div style=\"width: 30%;min-width: 140px;font-weight: bold;color: #555\">Series Title<\/div>\n<div style=\"flex-grow: 1;width: 60%;min-width: 200px\">Batman<\/div>\n<\/p><\/div>\n<div style=\"flex-wrap: wrap;border-bottom: 1px solid #eee;padding: 8px 0\">\n<div style=\"width: 30%;min-width: 140px;font-weight: bold;color: #555\">Issue Number<\/div>\n<div style=\"flex-grow: 1;width: 60%;min-width: 200px\">#314<\/div>\n<\/p><\/div>\n<div style=\"flex-wrap: wrap;border-bottom: 1px solid #eee;padding: 8px 0\">\n<div style=\"width: 30%;min-width: 140px;font-weight: bold;color: #555\">Publication Year<\/div>\n<div style=\"flex-grow: 1;width: 60%;min-width: 200px\">1979 (undefined)<\/div>\n<\/p><\/div>\n<div style=\"flex-wrap: wrap;border-bottom: 1px solid #eee;padding: 8px 0\">\n<div style=\"width: 30%;min-width: 140px;font-weight: bold;color: #555\">Publisher<\/div>\n<div style=\"flex-grow: 1;width: 60%;min-width: 200px\">DC<\/div>\n<\/p><\/div>\n<div style=\"flex-wrap: wrap;border-bottom: 1px solid #eee;padding: 8px 0\">\n<div style=\"width: 30%;min-width: 140px;font-weight: bold;color: #555\">Creatives<\/div>\n<div style=\"flex-grow: 1;width: 60%;min-width: 200px\">Writer: Len Wein <br \/> Penciller: Irv Novick <br \/> Artist:  <br \/> Cover: Jos\u00e9 Luis Garc\u00eda-L\u00f3pez<\/div>\n<\/p><\/div>\n<div style=\"flex-wrap: wrap;border-bottom: 1px solid #eee;padding: 8px 0\">\n<div style=\"width: 30%;min-width: 140px;font-weight: bold;color: #555\">Format<\/div>\n<div style=\"flex-grow: 1;width: 60%;min-width: 200px\">Comic<\/div>\n<\/p><\/div>\n<div style=\"flex-wrap: wrap;border-bottom: 1px solid #eee;padding: 8px 0\">\n<div style=\"width: 30%;min-width: 140px;font-weight: bold;color: #555\">Printing<\/div>\n<div style=\"flex-grow: 1;width: 60%;min-width: 200px\">1st<\/div>\n<\/p><\/div>\n<\/p><\/div>\n<h2 style=\"color: #b7410e;border-bottom: 2px solid #b7410e;font-size: 18px;padding-bottom: 5px\">The Story<\/h2>\n<p style=\"font-size: 15px;line-height: 1.6;color: #444\">No plot synopsis available.<\/p>\n<div style=\"margin-top: 25px;background-color: #fff3e0;border-left: 5px solid #ffb74d;padding: 15px\"><strong style=\"color: #e65100\">Condition Notes:<\/strong> <\/p>\n<p style=\"margin: 5px 0 0 0\">\n<\/div>\n<p style=\"margin-top: 40px;font-size: 12px;color: #888;text-align: center;border-top: 1px solid #eee;padding-top: 20px\">Listing generated by Rust Belt Comics Inventory System. Photos are of the actual item you will receive.<\/p>\n<\/p><\/div>\n<\/p><\/div>\n","protected":false},"excerpt":{"rendered":"<p>Grade: 7.5 Very Fine &#8211; | Issue: #314<\/p>\n","protected":false},"featured_media":33636,"comment_status":"open","ping_status":"closed","template":"","meta":[],"product_brand":[],"product_cat":[1796],"product_tag":[7712,8532,24062,24503,23799,24502,24498,24500,24496,24499],"class_list":{"0":"post-33638","1":"product","2":"type-product","3":"status-publish","4":"has-post-thumbnail","6":"product_cat-comics-graphic-novels","7":"product_tag-7712","8":"product_tag-batman","9":"product_tag-batman-bruce-wayne","10":"product_tag-catwoman-selina-kyle","11":"product_tag-dc","12":"product_tag-karlyle-kruggerrand","13":"product_tag-king-faraday","14":"product_tag-lucius-fox","15":"product_tag-tiffany-fox","16":"product_tag-two-face-harvey-dent","18":"first","19":"instock","20":"sale","21":"taxable","22":"shipping-taxable","23":"purchasable","24":"product-type-simple"},"_links":{"self":[{"href":"https:\/\/rustbeltcomics.com\/store\/index.php\/wp-json\/wp\/v2\/product\/33638","targetHints":{"allow":["GET"]}}],"collection":[{"href":"https:\/\/rustbeltcomics.com\/store\/index.php\/wp-json\/wp\/v2\/product"}],"about":[{"href":"https:\/\/rustbeltcomics.com\/store\/index.php\/wp-json\/wp\/v2\/types\/product"}],"replies":[{"embeddable":true,"href":"https:\/\/rustbeltcomics.com\/store\/index.php\/wp-json\/wp\/v2\/comments?post=33638"}],"wp:featuredmedia":[{"embeddable":true,"href":"https:\/\/rustbeltcomics.com\/store\/index.php\/wp-json\/wp\/v2\/media\/33636"}],"wp:attachment":[{"href":"https:\/\/rustbeltcomics.com\/store\/index.php\/wp-json\/wp\/v2\/media?parent=33638"}],"wp:term":[{"taxonomy":"product_brand","embeddable":true,"href":"https:\/\/rustbeltcomics.com\/store\/index.php\/wp-json\/wp\/v2\/product_brand?post=33638"},{"taxonomy":"product_cat","embeddable":true,"href":"https:\/\/rustbeltcomics.com\/store\/index.php\/wp-json\/wp\/v2\/product_cat?post=33638"},{"taxonomy":"product_tag","embeddable":true,"href":"https:\/\/rustbeltcomics.com\/store\/index.php\/wp-json\/wp\/v2\/product_tag?post=33638"}],"curies":[{"name":"wp","href":"https:\/\/api.w.org\/{rel}","templated":true}]}}